{"id":131,"date":"2021-04-05T13:34:39","date_gmt":"2021-04-05T11:34:39","guid":{"rendered":"https:\/\/gemeinsam-kaempfen.de\/?page_id=131"},"modified":"2021-04-05T16:08:46","modified_gmt":"2021-04-05T14:08:46","slug":"unser-podcast","status":"publish","type":"page","link":"https:\/\/gemeinsam-kaempfen.de\/?page_id=131","title":{"rendered":"Unser Podcast"},"content":{"rendered":"\n<h1 class=\"wp-block-heading\"><\/h1>\n\n\n\n<p><strong>Podcast \u201eAutonome feministische Organisierung und Selbstverteidigung\u201c<\/strong><\/p>\n\n\n\n<p><\/p>\n\n\n\n<p>Dieser Podcast tr\u00e4gt den Namen \u201eAutonome feministische Organisierung und Selbstverteidigung\u201c. Im Podcast gehen wir den folgenden Fragen nach:<\/p>\n\n\n\n<ul class=\"wp-block-list\"><li>In welcher politischen Ausgangslage befinden wir uns?<\/li><li>Was ist Selbstverteidigung und wogegen m\u00fcssen wir uns eigentlich verteidigen?<\/li><li>Was hat autonome Organisierung \u2013 also Organisierung gemeinsam unter Frauen, Lesben, inter, trans und nicht-bin\u00e4ren Menschen \u2013 mit Selbstverteidigung zu tun?<\/li><\/ul>\n\n\n\n<p>Dieser Podcast soll uns gemeinsam darin best\u00e4rken den Aufbau feministischer Strukturen weiter voranzutreiben und dieses Projekt gemeinsam anzugehen. Grundlage des Podcasts ist ein Workshopkonzept, dass wir von <em>Gemeinsam k\u00e4mpfen<\/em> 2018 f\u00fcr Frauen, Lesben, inter und trans Menschen sowie Agender entwickelt haben. Den Workshop haben wir in den vergangenen Jahren in vielen St\u00e4dten, bei feministischen Gruppen, nach offener Ausschreibung, in linken Zentren, bei Festivals und an vielen andere Orten durchgef\u00fchrt.<\/p>\n\n\n\n<p>Wir glauben, dass dieser Podcast, hilft eine gemeinsame Analyse zu sch\u00e4rfen und uns zu st\u00e4rken.<\/p>\n\n\n\n<p>Die Podcast-Folgen sind wie folgt aufgebaut (wenn ihr auf den Namen klickt, kommt ihr zur Folge) :<\/p>\n\n\n\n<p><a href=\"https:\/\/soundcloud.com\/user-800562009\/teil-1-analyse-und-diskussion-zum-thema-selbstverteidigung\">Teil 1: Analyse und Diskussion zum Thema Selbstverteidigung<\/a><\/p>\n\n\n\n<p><a href=\"https:\/\/soundcloud.com\/user-800562009\/teil-2-autonome-organisierung-von-frauen-lesben-inter-und-trans-menschen-und-agender-als-eine-form-von-selbstverteidigung\">Teil 2: Autonome Organisierung von Frauen, Lesben, inter und trans Menschen und Agender als eine Form von Selbstverteidigung. Abschlie\u00dfendes Fazit.&nbsp;<\/a><\/p>\n\n\n\n<p>Wir empfehlen euch, den Podcast mit Freund_innen und Genoss_innen anzuh\u00f6ren und auch mal innezuhalten und selber zu diskutieren. Und wir hoffen, dass wir uns zeitnah live treffen k\u00f6nnen, um eure und unsere Ideen zusammen zu bringen, sehen aber auch abseits von Corona ansonsten eine Chance darin die gesammelten Erfahrungen auf diesem Wege weiter zu geben.<\/p>\n\n\n\n<p>Au\u00dferdem haben wir auch eine politische Analyse geschrieben und eingesprochen, diese bildet die Basis unserer Diskussionen und ist im st\u00e4ndigen Ver\u00e4nderungsprozess.<\/p>\n\n\n\n<p>Hier k\u00f6nnt ihr sie zum lesen oder h\u00f6ren runter laden:<\/p>\n\n\n\n<p><a href=\"https:\/\/soundcloud.com\/user-800562009\/politische-analyse-gelesen\">Politische Analyse ( gelesen)<\/a><\/p>\n\n\n\n<p><a href=\"http:\/\/gemeinsamkaempfen.blogsport.eu\/files\/2021\/03\/politische-analyse_maerz2021.pdf\">Politische Analyse_M\u00e4rz2021 (Text mit \u00c4nderungen)<\/a><\/p>\n\n\n\n<p>Im Laufe des Podcast sind immer wieder Einsch\u00e4tzungen von anderen Feminist*innen zu Selbstverteidigung und autonomer Organisierung zu h\u00f6ren.<\/p>\n\n\n\n<p>Wir bedanken uns f\u00fcr die zahlreichen Beitr\u00e4ge bei den folgenden Gruppen: Ende Gel\u00e4nde, WomenDefendRojava Oldenburg, Riseup4Rojava, Tantifa Oldenburg, Purple Mic, Feministische Frauengruppe G\u00f6ttingen, Z\u00fcricher Streikb\u00fcndnis, bei der Freundin aus der Jineoloji, bei den Freund*innen die uns Kritiken gegeben haben und f\u00fcr Bearbeitung und Schnitt bei Lea Drabent.<\/p>\n\n\n\n<p>Desweiteren bedanken wir uns auch f\u00fcr die musikalischen Beitr\u00e4ge. Am Ende des letzten Teils&nbsp; h\u00f6ren wir Set the Prairie on Fire von Shawn Colvin, gesungen und begleitet von Lila. Das Lied ist den k\u00e4mpfenden Frauen in Kurdistan, ganz besonders der YPG gewidmet.<\/p>\n\n\n\n<p>Und bevor es jetzt losgeht und auch im Laufe des Podcast h\u00f6ren wir immer wieder Teile eines kurdischsprachigen Liedes, das uns von einer Freundin aus der Jineoloji gesungen wird. Das Lied erz\u00e4hlt von den Freundinnen in den Bergen Kurdistans. Es besingt die Selbstlosigkeit dieser K\u00e4mpferinnen, die sich f\u00fcr gesellschaftliche Ver\u00e4nderung einsetzen, diese in die eigene Hand nehmen, und die die Gesellschaft besch\u00fctzen. Es handelt davon, dass sie frei wie die V\u00f6gel sind.<\/p>\n\n\n\n<p id=\"magicdomid215\"><strong>Linkliste<\/strong><\/p>\n\n\n\n<p id=\"magicdomid217\">Hier noch ein paar Links zu B\u00fcchern, Filmen, Gruppen und Institutionen, die im Podcast genannt werden und die weiterf\u00fchrend spannend sind:<\/p>\n\n\n\n<p><strong>Gruppen:<\/strong><\/p>\n\n\n\n<p id=\"magicdomid219\">\u2013 Gemeinsam k\u00e4mpfen: <a href=\"http:\/\/gemeinsamkaempfen.blogsport.eu\/\">http:\/\/gemeinsamkaempfen.blogsport.eu\/<\/a>&nbsp;&nbsp;&nbsp;&nbsp;<\/p>\n\n\n\n<p id=\"magicdomid220\">\u2013 Women Defend Rojava <a href=\"https:\/\/womendefendrojava.net\/\">https:\/\/womendefendrojava.net\/<\/a><\/p>\n\n\n\n<p id=\"magicdomid221\">\u2013 Jineoloji: <a href=\"http:\/\/jineoloji.org\/\">http:\/\/jineoloji.org\/<\/a><\/p>\n\n\n\n<p id=\"magicdomid222\">\u2013 Ceni: <a href=\"http:\/\/ceni-kurdistan.com\/\">http:\/\/ceni-kurdistan.com\/<\/a><\/p>\n\n\n\n<p>-Riseup4Rojava: <a href=\"https:\/\/riseup4rojava.org\/\">https:\/\/riseup4rojava.org\/<\/a><\/p>\n\n\n\n<p id=\"magicdomid223\">\u2013 Civaka Azad: <a href=\"https:\/\/civaka-azad.org\/\">https:\/\/civaka-azad.org\/<\/a><\/p>\n\n\n\n<p id=\"magicdomid224\">\u2013 Purple Mic: <a href=\"https:\/\/www.instagram.com\/purple_mic\/\">https:\/\/www.instagram.com\/purple_mic\/<\/a><\/p>\n\n\n\n<p id=\"magicdomid225\">\u2013 Ende Gel\u00e4nde: <a href=\"https:\/\/www.ende-gelaende.org\/\">https:\/\/www.ende-gelaende.org\/<\/a><\/p>\n\n\n\n<p id=\"magicdomid226\">\u2013 Feministische Frauengruppe G\u00f6ttingen: <a href=\"https:\/\/femfrauengruppe.noblogs.org\/\">https:\/\/femfrauengruppe.noblogs.org\/<\/a><\/p>\n\n\n\n<p id=\"magicdomid227\">\u2013 Frauenstreik Z\u00fcrich: <a href=\"https:\/\/frauenstreikzuerich.ch\/\">https:\/\/frauenstreikzuerich.ch\/<\/a>&nbsp;&nbsp;<\/p>\n\n\n\n<p><strong>Filme, B\u00fccher, Brosch\u00fcren<\/strong><\/p>\n\n\n\n<p id=\"magicdomid229\">\u2013 Film \u201eBildet Banden\u201c zur Roten Zora: <a href=\"http:\/\/www.lasotras.de\/roteZ.htm\">http:\/\/www.lasotras.de\/roteZ.htm<\/a><\/p>\n\n\n\n<figure class=\"wp-block-embed is-type-wp-embed is-provider-women-defend-rojava wp-block-embed-women-defend-rojava\"><div class=\"wp-block-embed__wrapper\">\n<blockquote class=\"wp-embedded-content\" data-secret=\"IgX389dkrn\"><a href=\"https:\/\/womendefendrojava.net\/de\/2020\/04\/14\/horbuch-selbstverteidigung-eine-antwort-auf-geschlechtsspezifische-gewalt\/\">H\u00d6RBUCH: Selbstverteidigung &#8211; Eine Antwort auf geschlechtsspezifische Gewalt<\/a><\/blockquote><iframe class=\"wp-embedded-content\" sandbox=\"allow-scripts\" security=\"restricted\" style=\"position: absolute; visibility: hidden;\" title=\"&#8220;H\u00d6RBUCH: Selbstverteidigung &#8211; Eine Antwort auf geschlechtsspezifische Gewalt&#8221; &#8212; Women Defend Rojava\" src=\"https:\/\/womendefendrojava.net\/de\/2020\/04\/14\/horbuch-selbstverteidigung-eine-antwort-auf-geschlechtsspezifische-gewalt\/embed\/#?secret=HmvOV3HHQK#?secret=IgX389dkrn\" data-secret=\"IgX389dkrn\" width=\"600\" height=\"338\" frameborder=\"0\" marginwidth=\"0\" marginheight=\"0\" scrolling=\"no\"><\/iframe>\n<\/div><\/figure>\n\n\n\n<p id=\"magicdomid232\">\u2013 Buch \u201eWir wissen, was wir wollen: Frauenrevolution in Nord-und Ostsyrien. Widerstand und gelebte Utopien Band II\u201c, 2020: <a href=\"https:\/\/www.edition-assemblage.de\/buecher\/wir-wissen-was-wir-wollen\/\">https:\/\/www.edition-assemblage.de\/buecher\/wir-wissen-was-wir-wollen\/<\/a><\/p>\n\n\n\n<p id=\"magicdomid233\">\u2013 Brosch\u00fcre zur antipatriarchalen Auseinandersetzung (in english, folgt bald auf deutsch): <a href=\"http:\/\/jineoloji.org\/en\/wp-content\/uploads\/2021\/01\/Killing-and-Transforming-the-dominant-man-booklet-en_compressed_compressed.pdf\">http:\/\/jineoloji.org\/en\/wp-content\/uploads\/2021\/01\/Killing-and-Transforming-the-dominant-man-booklet-en_compressed_compressed.pdf<\/a>&nbsp;<\/p>\n\n\n\n<p id=\"magicdomid234\">\u2013 Brosch\u00fcre \u201eRevolution\u00e4re Bildung\u201c, <a href=\"http:\/\/jineoloji.org\/de\/2020\/05\/04\/broschuere-revolutionaere-bildung-am-andrea-wolf-institut\/\">http:\/\/jineoloji.org\/de\/2020\/05\/04\/broschuere-revolutionaere-bildung-am-andrea-wolf-institut\/<\/a><\/p>\n\n\n\n<p id=\"magicdomid235\">\u2013 Brosch\u00fcre zur Delegationsreise nach Mexmur, 2018: <a href=\"https:\/\/black-mosquito.org\/de\/selbstbestimmung-statt-flucht-demokratische-autonomie-im-camp-mexmur.html\">https:\/\/black-mosquito.org\/de\/selbstbestimmung-statt-flucht-demokratische-autonomie-im-camp-mexmur.html<\/a><\/p>\n\n\n\n<p><strong>Projekte und Bewegungen die wir benennen<\/strong><\/p>\n\n\n\n<p id=\"magicdomid237\">\u2013 zu den Zapatistas und ihrer Reise: <a href=\"http:\/\/enlacezapatista.ezln.org.mx\/\">http:\/\/enlacezapatista.ezln.org.mx\/<\/a>, <a href=\"https:\/\/www.ya-basta-netz.org\/\">https:\/\/www.ya-basta-netz.org\/<\/a>, <a href=\"https:\/\/viajezapatista.eu\/es\/\">https:\/\/viajezapatista.eu\/es\/<\/a><\/p>\n\n\n\n<p id=\"magicdomid238\">\u2013 100 Gr\u00fcnde-Kampagne der kurdischen Frauenbewegung in Europa: <a href=\"https:\/\/100-reasons.org\/\">https:\/\/100-reasons.org\/<\/a><\/p>\n\n\n\n<p id=\"magicdomid239\">\u2013 Zum Konzept des Affidamento: <a href=\"http:\/\/www.antjeschrupp.de\/affidamento-09\">http:\/\/www.antjeschrupp.de\/affidamento-09<\/a>, <a href=\"https:\/\/www.libreriadelledonne.it\/\">https:\/\/www.libreriadelledonne.it\/<\/a><\/p>\n\n\n\n<p id=\"magicdomid240\">\u2013 Lied am Ende \u2013 8 March Message Z\u00fcrich: <a href=\"https:\/\/www.youtube.com\/watch?v=uVaCuBGpwEg\">https:\/\/www.youtube.com\/watch?v=uVaCuBGpwEg<\/a><\/p>\n","protected":false},"excerpt":{"rendered":"<p>Podcast \u201eAutonome feministische Organisierung und Selbstverteidigung\u201c Dieser Podcast tr\u00e4gt den Namen \u201eAutonome feministische Organisierung und Selbstverteidigung\u201c. Im Podcast gehen wir den folgenden Fragen nach: In welcher politischen Ausgangslage befinden wir uns? Was ist Selbstverteidigung und wogegen m\u00fcssen wir uns eigentlich verteidigen? Was hat autonome Organisierung \u2013 also Organisierung gemeinsam unter Frauen, Lesben, inter, trans und [&hellip;]<\/p>\n","protected":false},"author":1,"featured_media":0,"parent":0,"menu_order":0,"comment_status":"closed","ping_status":"closed","template":"","meta":{"om_disable_all_campaigns":false,"_monsterinsights_skip_tracking":false,"_monsterinsights_sitenote_active":false,"_monsterinsights_sitenote_note":"","_monsterinsights_sitenote_category":0,"footnotes":""},"class_list":["post-131","page","type-page","status-publish","hentry"],"aioseo_notices":[],"_links":{"self":[{"href":"https:\/\/gemeinsam-kaempfen.de\/index.php?rest_route=\/wp\/v2\/pages\/131","targetHints":{"allow":["GET"]}}],"collection":[{"href":"https:\/\/gemeinsam-kaempfen.de\/index.php?rest_route=\/wp\/v2\/pages"}],"about":[{"href":"https:\/\/gemeinsam-kaempfen.de\/index.php?rest_route=\/wp\/v2\/types\/page"}],"author":[{"embeddable":true,"href":"https:\/\/gemeinsam-kaempfen.de\/index.php?rest_route=\/wp\/v2\/users\/1"}],"replies":[{"embeddable":true,"href":"https:\/\/gemeinsam-kaempfen.de\/index.php?rest_route=%2Fwp%2Fv2%2Fcomments&post=131"}],"version-history":[{"count":4,"href":"https:\/\/gemeinsam-kaempfen.de\/index.php?rest_route=\/wp\/v2\/pages\/131\/revisions"}],"predecessor-version":[{"id":184,"href":"https:\/\/gemeinsam-kaempfen.de\/index.php?rest_route=\/wp\/v2\/pages\/131\/revisions\/184"}],"wp:attachment":[{"href":"https:\/\/gemeinsam-kaempfen.de\/index.php?rest_route=%2Fwp%2Fv2%2Fmedia&parent=131"}],"curies":[{"name":"wp","href":"https:\/\/api.w.org\/{rel}","templated":true}]}}