{"id":186,"date":"2021-04-05T16:31:22","date_gmt":"2021-04-05T14:31:22","guid":{"rendered":"https:\/\/gemeinsam-kaempfen.de\/?page_id=186"},"modified":"2021-04-05T16:31:24","modified_gmt":"2021-04-05T14:31:24","slug":"waescheleine-gegen-patriarchale-gewalt","status":"publish","type":"page","link":"https:\/\/gemeinsam-kaempfen.de\/?page_id=186","title":{"rendered":"W\u00e4scheleine gegen patriarchale Gewalt"},"content":{"rendered":"\n<h1 class=\"wp-block-heading\">Zur Aktion&#8230;<\/h1>\n\n\n\n<div class=\"wp-block-image\"><figure class=\"alignleft\"><img decoding=\"async\" src=\"http:\/\/gemeinsamkaempfen.blogsport.eu\/files\/2021\/01\/img_6928-300x200.jpg\" alt=\"\" class=\"wp-image-1296\"\/><\/figure><\/div>\n\n\n\n<p>Unsere W\u00e4scheleine ist eine Ausstellung im \u00f6ffentlichen Raum gegen patriarchale Gewalt. Wir machen mit ihr auf die Versch\u00e4rfung patriarchaler Verh\u00e4ltnisse w\u00e4hrend der Coronakrise aufmerksam. Socialdistancing bedeutet nicht f\u00fcr alle Menschen mehr Sicherheit. Gerade Frauen* und Kinder in gewaltvollen Beziehungen oder Familienverh\u00e4ltnissen haben diese Zeiten hart getroffen. Genau deshalb war es uns wichtig, auf der Stra\u00dfe pr\u00e4sent zu sein und \u00fcber das Thema zu informieren. Mit der W\u00e4scheleine schlie\u00dfen wir uns einer Tradition chilenischer Feminist*innen an. Die roten Kleidungsst\u00fccke symbolisieren und erinnern an die Menschen, die Opfer patriarchaler Gewalt wurden. Die aufgestellten Schuhe erinnern an die vielen FrauenTrans und Inter* die t\u00e4glich weltweit ermordet werden.<\/p>\n\n\n\n<div class=\"wp-block-image\"><figure class=\"aligncenter\"><img decoding=\"async\" src=\"http:\/\/gemeinsamkaempfen.blogsport.eu\/files\/2021\/01\/01-05-2020-berlin-berlin-ihr-seid-nicht-allein-ihr-seid-nicht-vergessen-da8202pre-300x200.jpeg\" alt=\"\" class=\"wp-image-1297\"\/><\/figure><\/div>\n\n\n\n<p>In der Ausstellung findet ihr Informationen zu den Themen \u201eFemizide\u201c sowie trans- und homofeindliche Gewalt, Unterst\u00fctzungsangebote und Hilfenummern und zu feministischen K\u00e4mpfen weltweit.<\/p>\n\n\n\n<p>Ihr m\u00f6chtet selber gerne eine W\u00e4schleineaktion machen? Dann k\u00f6nnt ihr euch hier das Material herunterladen.<\/p>\n\n\n\n<p>Wenn ihr Fragen, Kritik oder Anregungen habt, schreibt uns gerne eine Email.<\/p>\n","protected":false},"excerpt":{"rendered":"<p>Zur Aktion&#8230; Unsere W\u00e4scheleine ist eine Ausstellung im \u00f6ffentlichen Raum gegen patriarchale Gewalt. Wir machen mit ihr auf die Versch\u00e4rfung patriarchaler Verh\u00e4ltnisse w\u00e4hrend der Coronakrise aufmerksam. Socialdistancing bedeutet nicht f\u00fcr alle Menschen mehr Sicherheit. Gerade Frauen* und Kinder in gewaltvollen Beziehungen oder Familienverh\u00e4ltnissen haben diese Zeiten hart getroffen. Genau deshalb war es uns wichtig, auf [&hellip;]<\/p>\n","protected":false},"author":1,"featured_media":0,"parent":0,"menu_order":0,"comment_status":"closed","ping_status":"closed","template":"","meta":{"om_disable_all_campaigns":false,"_monsterinsights_skip_tracking":false,"_monsterinsights_sitenote_active":false,"_monsterinsights_sitenote_note":"","_monsterinsights_sitenote_category":0,"footnotes":""},"class_list":["post-186","page","type-page","status-publish","hentry"],"aioseo_notices":[],"_links":{"self":[{"href":"https:\/\/gemeinsam-kaempfen.de\/index.php?rest_route=\/wp\/v2\/pages\/186","targetHints":{"allow":["GET"]}}],"collection":[{"href":"https:\/\/gemeinsam-kaempfen.de\/index.php?rest_route=\/wp\/v2\/pages"}],"about":[{"href":"https:\/\/gemeinsam-kaempfen.de\/index.php?rest_route=\/wp\/v2\/types\/page"}],"author":[{"embeddable":true,"href":"https:\/\/gemeinsam-kaempfen.de\/index.php?rest_route=\/wp\/v2\/users\/1"}],"replies":[{"embeddable":true,"href":"https:\/\/gemeinsam-kaempfen.de\/index.php?rest_route=%2Fwp%2Fv2%2Fcomments&post=186"}],"version-history":[{"count":1,"href":"https:\/\/gemeinsam-kaempfen.de\/index.php?rest_route=\/wp\/v2\/pages\/186\/revisions"}],"predecessor-version":[{"id":193,"href":"https:\/\/gemeinsam-kaempfen.de\/index.php?rest_route=\/wp\/v2\/pages\/186\/revisions\/193"}],"wp:attachment":[{"href":"https:\/\/gemeinsam-kaempfen.de\/index.php?rest_route=%2Fwp%2Fv2%2Fmedia&parent=186"}],"curies":[{"name":"wp","href":"https:\/\/api.w.org\/{rel}","templated":true}]}}