{"id":196,"date":"2021-04-05T16:41:20","date_gmt":"2021-04-05T14:41:20","guid":{"rendered":"https:\/\/gemeinsam-kaempfen.de\/?page_id=196"},"modified":"2025-12-15T16:25:16","modified_gmt":"2025-12-15T15:25:16","slug":"100-gruende-um-den-diktator-zu-verurteilen","status":"publish","type":"page","link":"https:\/\/gemeinsam-kaempfen.de\/?page_id=196","title":{"rendered":"\u201e100 Gr\u00fcnde um den Diktator zu verurteilen!\u201c"},"content":{"rendered":"\n<figure class=\"wp-block-image\"><img decoding=\"async\" src=\"http:\/\/gemeinsamkaempfen.blogsport.eu\/files\/2021\/02\/03-02-2021-hamburg-100-gruende-erdogan-vor-gericht-zu-stellen-sada-und-hind-leben-in-unserem-kampf-weiter-313bd6pre-540x400.jpg\" alt=\"\"\/><\/figure>\n\n\n\n<h1 class=\"wp-block-heading\">100 Gr\u00fcnde &#8211; Kampagne<\/h1>\n\n\n\n<p><\/p>\n\n\n\n<p>Die Kampagne \u201e100 Gr\u00fcnde f\u00fcr die Verurteilung des Diktators\u201c wurde am 25.November 2020 von der TJK-E , der kurdischen Frauenbewegung in Eurpoa, gestartet.<\/p>\n\n\n\n<p>In ihrer Erkl\u00e4rung dazu hei\u00dft es: \u201eMit dieser Kampagne soll insbesondere die frauenfeindliche Haltung des AKP\/MHP-Regimes offengelegt und der Versuch, die kurdische Gesellschaft einzusch\u00fcchtern, die Gesellschaft in der T\u00fcrkei aufzuhetzen und den freien Willen der Frau anzugreifen, beantwortet werden. In diesem Sinne wird jede Frau mit ihrer Teilnahme an der Kampagne zur Stimme der ermordeten Frauen werden.\u201c<\/p>\n\n\n\n<p>Es ist eine Kampagne, die sich gegen die feminizidale Politik des AKP\/MHP-Regimes richtet, denn w\u00e4hrend seiner 18-j\u00e4hrigen Regierungszeit wurden Tausende von unbestraften Verbrechen begangen. H\u00e4ufig wurden Frauen von der t\u00fcrkischen Regierung gezielt angegriffen, die einerseits mit ihrer sexistischen Mentalit\u00e4t und Politik den Feminizid in der Gesellschaft normalisiert und andererseits politische Frauen mit Gewalt, Zensur und Inhaftierung ins Visier nimmt. Trotz einer Flut von Beweisen wurden diese Angriffe nicht aufgekl\u00e4rt. Wie in allen Kriegen, wird auch in diesem gegen die Kurd_innen, patriarchale Gewalt und Vergewaltigung bewusst als Spezialkriegswaffe eingesetzt. Die AKP-Regierung diskutiert derzeit einen Austritt aus der Istanbul-Konvention in einer patriarchalen Rhetorik, die es auf die Spitze treibt \u2013 die Konvention untergrabe traditionelle Werte und mache M\u00e4nner zu S\u00fcndenb\u00f6cken. In der 100Gr\u00fcnde-Kampagne werden die Biographien von 100 Frauen aufgelistet, die durch die feminizidale Politik unter Erdogan ermordet wurden. Nat\u00fcrlich sind es noch viele weitere Frauen.<\/p>\n\n\n\n<p>In der ersten Phase der Kampagne, die bis zum 8. M\u00e4rz 2021 andauert, werden 100.000 Unterschriften gesammelt, um Erdo\u011fan zu verurteilen und damit Feminizide international als Verbrechen gegen die Menschlichkeit anzuerkennen. Dies wird der erste Schritt sein, um die Grundlage f\u00fcr die rechtliche und soziale, politische und handlungsorientierte Arbeit zu legen, um die Strafverfolgung und Verurteilung des Staatsoberhauptes zu erreichen.<\/p>\n\n\n\n<p>Als \u201eGemeinsam K\u00e4mpfen\u201c unterst\u00fctzen wir die Kampagne und Alle auf, diese zu Unterschreiben.<\/p>\n\n\n\n<p>Mehr Infos: <a href=\"https:\/\/100-reasons.org\/\">https:\/\/100-reasons.org<\/a><\/p>\n\n\n\n<p>Unterschreiben: <a href=\"http:\/\/100-reasocebook\/\">http:\/\/100-reaso<\/a><a href=\"http:\/\/100-reasons.org\/petition\">ns.org\/petition<\/a><\/p>\n\n\n\n<p>Mail: <a href=\"mailto:signatures@100-reasons.org\">signatures@100-reasons.org<\/a>, <a href=\"mailto:info@100-reasons.org\">info@100-reasons.org<\/a><\/p>\n\n\n\n<p>Facebook: onehundredreasons<\/p>\n\n\n\n<p>Twitter: @100reasons<\/p>\n","protected":false},"excerpt":{"rendered":"<p>100 Gr\u00fcnde &#8211; Kampagne Die Kampagne \u201e100 Gr\u00fcnde f\u00fcr die Verurteilung des Diktators\u201c wurde am 25.November 2020 von der TJK-E , der kurdischen Frauenbewegung in Eurpoa, gestartet. In ihrer Erkl\u00e4rung dazu hei\u00dft es: \u201eMit dieser Kampagne soll insbesondere die frauenfeindliche Haltung des AKP\/MHP-Regimes offengelegt und der Versuch, die kurdische Gesellschaft einzusch\u00fcchtern, die Gesellschaft in der [&hellip;]<\/p>\n","protected":false},"author":1,"featured_media":0,"parent":0,"menu_order":0,"comment_status":"closed","ping_status":"closed","template":"","meta":{"om_disable_all_campaigns":false,"_monsterinsights_skip_tracking":false,"_monsterinsights_sitenote_active":false,"_monsterinsights_sitenote_note":"","_monsterinsights_sitenote_category":0,"footnotes":""},"class_list":["post-196","page","type-page","status-publish","hentry"],"aioseo_notices":[],"_links":{"self":[{"href":"https:\/\/gemeinsam-kaempfen.de\/index.php?rest_route=\/wp\/v2\/pages\/196","targetHints":{"allow":["GET"]}}],"collection":[{"href":"https:\/\/gemeinsam-kaempfen.de\/index.php?rest_route=\/wp\/v2\/pages"}],"about":[{"href":"https:\/\/gemeinsam-kaempfen.de\/index.php?rest_route=\/wp\/v2\/types\/page"}],"author":[{"embeddable":true,"href":"https:\/\/gemeinsam-kaempfen.de\/index.php?rest_route=\/wp\/v2\/users\/1"}],"replies":[{"embeddable":true,"href":"https:\/\/gemeinsam-kaempfen.de\/index.php?rest_route=%2Fwp%2Fv2%2Fcomments&post=196"}],"version-history":[{"count":1,"href":"https:\/\/gemeinsam-kaempfen.de\/index.php?rest_route=\/wp\/v2\/pages\/196\/revisions"}],"predecessor-version":[{"id":198,"href":"https:\/\/gemeinsam-kaempfen.de\/index.php?rest_route=\/wp\/v2\/pages\/196\/revisions\/198"}],"wp:attachment":[{"href":"https:\/\/gemeinsam-kaempfen.de\/index.php?rest_route=%2Fwp%2Fv2%2Fmedia&parent=196"}],"curies":[{"name":"wp","href":"https:\/\/api.w.org\/{rel}","templated":true}]}}