{"id":202,"date":"2021-04-05T16:47:58","date_gmt":"2021-04-05T14:47:58","guid":{"rendered":"https:\/\/gemeinsam-kaempfen.de\/?page_id=202"},"modified":"2025-12-15T16:25:17","modified_gmt":"2025-12-15T15:25:17","slug":"delegation-nach-maxmur","status":"publish","type":"page","link":"https:\/\/gemeinsam-kaempfen.de\/?page_id=202","title":{"rendered":"Delegation nach Maxmur"},"content":{"rendered":"\n<h1 class=\"wp-block-heading\"><\/h1>\n\n\n\n<p>Im Sommer 2018 waren einige von uns in <strong>Maxmur<\/strong>, in einem kurdischen Fl\u00fcchtlingscamp in Ba\u015fur = Nordirak = S\u00fcdkurdistan. Dort haben wir eine konkret gelebte Utopie kennen gelernt, das Camp organisiert sich nach dem Prinzip des <em>Demokratischen Konf\u00f6deralismus<\/em> \u2013 Menschen sind in R\u00e4ten und Kommunen organisiert; f\u00fcr uns eine sehr beeindruckende Erfahrung \u2013 auch und vor allem bez\u00fcglich der starken Rolle von Frauen* in dem System.<\/p>\n\n\n\n<p><strong>Mehr zu Maxmur und der Reise findet ihr unter anderem hier:<\/strong><\/p>\n\n\n\n<p><a href=\"http:\/\/lowerclassmag.com\/2018\/08\/die-revolution-aufbauen-wo-wir-leben\/\">http:\/\/lowerclassmag.com\/2018\/08\/die-revolution-aufbauen-wo-wir-leben\/<\/a><\/p>\n\n\n\n<p>Aus der Delegationsreise ist auch eine Brosch\u00fcre entstanden:<\/p>\n\n\n\n<figure class=\"wp-block-embed\"><div class=\"wp-block-embed__wrapper\">\nhttps:\/\/black-mosquito.org\/en\/selbstbestimmung-statt-flucht-demokratische-autonomie-im-camp-mexmur.html\n<\/div><\/figure>\n","protected":false},"excerpt":{"rendered":"<p>Im Sommer 2018 waren einige von uns in Maxmur, in einem kurdischen Fl\u00fcchtlingscamp in Ba\u015fur = Nordirak = S\u00fcdkurdistan. Dort haben wir eine konkret gelebte Utopie kennen gelernt, das Camp organisiert sich nach dem Prinzip des Demokratischen Konf\u00f6deralismus \u2013 Menschen sind in R\u00e4ten und Kommunen organisiert; f\u00fcr uns eine sehr beeindruckende Erfahrung \u2013 auch und [&hellip;]<\/p>\n","protected":false},"author":1,"featured_media":0,"parent":0,"menu_order":0,"comment_status":"closed","ping_status":"closed","template":"","meta":{"om_disable_all_campaigns":false,"_monsterinsights_skip_tracking":false,"_monsterinsights_sitenote_active":false,"_monsterinsights_sitenote_note":"","_monsterinsights_sitenote_category":0,"footnotes":""},"class_list":["post-202","page","type-page","status-publish","hentry"],"aioseo_notices":[],"_links":{"self":[{"href":"https:\/\/gemeinsam-kaempfen.de\/index.php?rest_route=\/wp\/v2\/pages\/202","targetHints":{"allow":["GET"]}}],"collection":[{"href":"https:\/\/gemeinsam-kaempfen.de\/index.php?rest_route=\/wp\/v2\/pages"}],"about":[{"href":"https:\/\/gemeinsam-kaempfen.de\/index.php?rest_route=\/wp\/v2\/types\/page"}],"author":[{"embeddable":true,"href":"https:\/\/gemeinsam-kaempfen.de\/index.php?rest_route=\/wp\/v2\/users\/1"}],"replies":[{"embeddable":true,"href":"https:\/\/gemeinsam-kaempfen.de\/index.php?rest_route=%2Fwp%2Fv2%2Fcomments&post=202"}],"version-history":[{"count":1,"href":"https:\/\/gemeinsam-kaempfen.de\/index.php?rest_route=\/wp\/v2\/pages\/202\/revisions"}],"predecessor-version":[{"id":203,"href":"https:\/\/gemeinsam-kaempfen.de\/index.php?rest_route=\/wp\/v2\/pages\/202\/revisions\/203"}],"wp:attachment":[{"href":"https:\/\/gemeinsam-kaempfen.de\/index.php?rest_route=%2Fwp%2Fv2%2Fmedia&parent=202"}],"curies":[{"name":"wp","href":"https:\/\/api.w.org\/{rel}","templated":true}]}}