{"id":289,"date":"2022-07-04T13:29:34","date_gmt":"2022-07-04T11:29:34","guid":{"rendered":"https:\/\/gemeinsam-kaempfen.de\/?page_id=289"},"modified":"2022-08-11T14:39:32","modified_gmt":"2022-08-11T12:39:32","slug":"women-defend-rojava","status":"publish","type":"page","link":"https:\/\/gemeinsam-kaempfen.de\/?page_id=289","title":{"rendered":"Women Defend Rojava"},"content":{"rendered":"\t\t<div data-elementor-type=\"wp-page\" data-elementor-id=\"289\" class=\"elementor elementor-289\">\n\t\t\t\t\t\t<section class=\"elementor-section elementor-top-section elementor-element elementor-element-259dd2c elementor-section-boxed elementor-section-height-default elementor-section-height-default\" data-id=\"259dd2c\" data-element_type=\"section\">\n\t\t\t\t\t\t<div class=\"elementor-container elementor-column-gap-default\">\n\t\t\t\t\t<div class=\"elementor-column elementor-col-100 elementor-top-column elementor-element elementor-element-da135cb\" data-id=\"da135cb\" data-element_type=\"column\">\n\t\t\t<div class=\"elementor-widget-wrap elementor-element-populated\">\n\t\t\t\t\t\t<div class=\"elementor-element elementor-element-225232f elementor-widget elementor-widget-image\" data-id=\"225232f\" data-element_type=\"widget\" data-widget_type=\"image.default\">\n\t\t\t\t<div class=\"elementor-widget-container\">\n\t\t\t\t\t\t\t\t\t\t\t\t\t\t\t<img fetchpriority=\"high\" decoding=\"async\" width=\"768\" height=\"431\" src=\"https:\/\/gemeinsam-kaempfen.de\/wp-content\/uploads\/2022\/07\/zilan-fest-768x431.jpg\" class=\"attachment-medium_large size-medium_large wp-image-323\" alt=\"\" srcset=\"https:\/\/gemeinsam-kaempfen.de\/wp-content\/uploads\/2022\/07\/zilan-fest-768x431.jpg 768w, https:\/\/gemeinsam-kaempfen.de\/wp-content\/uploads\/2022\/07\/zilan-fest-300x168.jpg 300w, https:\/\/gemeinsam-kaempfen.de\/wp-content\/uploads\/2022\/07\/zilan-fest.jpg 990w\" sizes=\"(max-width: 768px) 100vw, 768px\" \/>\t\t\t\t\t\t\t\t\t\t\t\t\t\t\t<\/div>\n\t\t\t\t<\/div>\n\t\t\t\t\t<\/div>\n\t\t<\/div>\n\t\t\t\t\t<\/div>\n\t\t<\/section>\n\t\t\t\t<section class=\"elementor-section elementor-top-section elementor-element elementor-element-ac148b3 elementor-section-boxed elementor-section-height-default elementor-section-height-default\" data-id=\"ac148b3\" data-element_type=\"section\">\n\t\t\t\t\t\t<div class=\"elementor-container elementor-column-gap-default\">\n\t\t\t\t\t<div class=\"elementor-column elementor-col-100 elementor-top-column elementor-element elementor-element-970e020\" data-id=\"970e020\" data-element_type=\"column\">\n\t\t\t<div class=\"elementor-widget-wrap elementor-element-populated\">\n\t\t\t\t\t\t<div class=\"elementor-element elementor-element-a62782e elementor-widget elementor-widget-spacer\" data-id=\"a62782e\" data-element_type=\"widget\" data-widget_type=\"spacer.default\">\n\t\t\t\t<div class=\"elementor-widget-container\">\n\t\t\t\t\t\t\t<div class=\"elementor-spacer\">\n\t\t\t<div class=\"elementor-spacer-inner\"><\/div>\n\t\t<\/div>\n\t\t\t\t\t\t<\/div>\n\t\t\t\t<\/div>\n\t\t\t\t\t<\/div>\n\t\t<\/div>\n\t\t\t\t\t<\/div>\n\t\t<\/section>\n\t\t\t\t<section class=\"elementor-section elementor-top-section elementor-element elementor-element-5f1206a elementor-section-boxed elementor-section-height-default elementor-section-height-default\" data-id=\"5f1206a\" data-element_type=\"section\">\n\t\t\t\t\t\t<div class=\"elementor-container elementor-column-gap-default\">\n\t\t\t\t\t<div class=\"elementor-column elementor-col-100 elementor-top-column elementor-element elementor-element-fec984d\" data-id=\"fec984d\" data-element_type=\"column\">\n\t\t\t<div class=\"elementor-widget-wrap elementor-element-populated\">\n\t\t\t\t\t\t<div class=\"elementor-element elementor-element-a791692 elementor-widget elementor-widget-heading\" data-id=\"a791692\" data-element_type=\"widget\" data-widget_type=\"heading.default\">\n\t\t\t\t<div class=\"elementor-widget-container\">\n\t\t\t\t\t<h2 class=\"elementor-heading-title elementor-size-default\">Beteiligung an der Kampagne Women Defend Rojava<\/h2>\t\t\t\t<\/div>\n\t\t\t\t<\/div>\n\t\t\t\t\t<\/div>\n\t\t<\/div>\n\t\t\t\t\t<\/div>\n\t\t<\/section>\n\t\t\t\t<section class=\"elementor-section elementor-top-section elementor-element elementor-element-aab7fae elementor-section-boxed elementor-section-height-default elementor-section-height-default\" data-id=\"aab7fae\" data-element_type=\"section\">\n\t\t\t\t\t\t<div class=\"elementor-container elementor-column-gap-default\">\n\t\t\t\t\t<div class=\"elementor-column elementor-col-100 elementor-top-column elementor-element elementor-element-3b7e1b8\" data-id=\"3b7e1b8\" data-element_type=\"column\">\n\t\t\t<div class=\"elementor-widget-wrap elementor-element-populated\">\n\t\t\t\t\t\t<div class=\"elementor-element elementor-element-2041214 elementor-widget elementor-widget-text-editor\" data-id=\"2041214\" data-element_type=\"widget\" data-widget_type=\"text-editor.default\">\n\t\t\t\t<div class=\"elementor-widget-container\">\n\t\t\t\t\t\t\t\t\t<p><span style=\"font-size: medium;\"><b>Rojava zu verteidigen bedeutet, die Frauenrevolution zu verteidigen und zu verbreiten \u2013 weltweit! <\/b><\/span><\/p><p>Als &#8218;Gemeinsam K\u00e4mpfen&#8216; sind wir Teil von &#8218;Women Defend Rojava&#8216;. <span style=\"font-size: medium;\"><a href=\"https:\/\/womendefendrojava.net\/de\/\">\u00bbWomen Defend Rojava\u00ab<\/a> ist eine Kampagne, die im August 2019 von Kongra Star, der Dachorganisation der kurdischen Frauenbewegung in Rojava, ins Leben gerufen wurde. Ihr Ziel ist, die Verbindungen zwischen internationalen feministischen und Frauenk\u00e4mpfen mit der Frauenbewegung in Nord- und Ostsyrien zu st\u00e4rken. Sie will ein Bewusstsein daf\u00fcr schaffen, dass der anhaltende Krieg und die Besatzung des t\u00fcrkischen Staates in Kurdistan auf die Frauenrevolution abzielen und diese zerst\u00f6ren wollen. Women Defend Rojava will den Stimmen der Frauen aus Nord- und Ostsyrien ein Geh\u00f6r verschaffen, ihre Errungenschaften sowie K\u00e4mpfe sichtbar machen und gleichzeitig den Austausch sowie die Verbindungen mit anderen feministischen K\u00e4mpfen weltweit st\u00e4rken. Sie will ein \u00f6ffentliches Bewusstsein daf\u00fcr schaffen, dass der Krieg gegen Kurdistan und Rojava sowie dessen System des demokratischen Konf\u00f6deralismus ein Krieg gegen alle Menschen und insbesondere gegen Frauen ist, die ein Leben in Frieden und W\u00fcrde suchen. Denn die Werte, die in Rojava aufgebaut und verteidigt werden, sind universelle Werte und Gegenstand feministischer K\u00e4mpfe weltweit. Selbstbestimmung, ein friedliches und kollektives Leben, freie Bildung, Gesundheit und Gerechtigkeit, kommunale und \u00f6kologische Formen des Lebens und Wirtschaftens sowie das Bewusstsein von Frauen auf der Basis von Jineoloj\u00ee sind die Basis einer Alternative zum globalen kapitalistischen Patriarchat. Um diese zu sch\u00fctzen, ist ein gut organisierter, nachhaltiger und langfristiger Kampf notwendig.<\/span><\/p><p>Als im Oktober 2019 der t\u00fcrkische Staate eine erneute milit\u00e4rische Invasion gegen die demokratische Selbstverwaltung Nord- und Ostsyriens startete, besetzte er im Zuge dessen die Region zwischen Ser\u00eakaniy\u00ea und Gir\u00ea Sp\u00ee. Gegen den anhaltenden Besatzungskrieg des t\u00fcrkischen Staates und seine kontinuierlichen Angriffe organisieren Frauen in allen vier Teilen Kurdistans ihren Widerstand. Diesem Widerstand schlossen sich 2019 innerhalb weniger Tage nach Beginn des Angriffskrieges unz\u00e4hlige Frauen, Lesben, Trans-, Inter- und nichtbin\u00e4re Personen weltweit an. Sie b\u00fcndelten ihre Kraft, gaben ihr als \u00bbWomen Defend Rojava\u00ab einen gemeinsamen Ausdruck und nahmen in vielen Momenten eine f\u00fchrende Rolle bei der Verteidigung der Revolution in Rojava ein.<\/p><p>Bis heute entwickeln sie kreative Aktionsformen, um die Komplizenschaft der Staaten, Unternehmen und internationalen Institutionen mit der faschistischen t\u00fcrkischen Regierung aufzudecken. Durch soziale Medien, pers\u00f6nliche Kontakte und die Verbreitung der Ideen der Frauenrevolution Rojavas gelang es, eine breite \u00d6ffentlichkeit \u00fcber die Realit\u00e4t des Krieges zu informieren.<\/p><p><span style=\"font-size: medium;\"><b>Women Defend Rojava \u2013 Organisierung bedeutet Selbstverteidigung<\/b><\/span><\/p><p>Bereits wenige Tage nach Beginn der Angriffe auf Nord- und Ostsyrien im Oktober 2019 gr\u00fcndeten sich in vielen L\u00e4ndern Komitees unter dem Namen \u00bbWomen Defend Rojava\u00ab. Die ersten Schritte wurden in west- und s\u00fcdeurop\u00e4ischen L\u00e4ndern gemacht. Mittlerweile gibt es an verschiedenen Orten \u00bbWomen Defend Rojava\u00ab-Komitees und viele weitere Gruppen, die im Rahmen der Kampagne Aktionen organisieren. Frauen und weitere unterdr\u00fcckte Geschlechter schlie\u00dfen sich zusammen und verwandeln ihre Wut und Hoffnung gemeinsam in einen kraftvollen Widerstand. Die Verteidigung der Revolution in Rojava hat l\u00e4ngst einen globalen Charakter angenommen.<\/p><p>Die autonome Organisierung von Frauen und weiteren unterdr\u00fcckten Geschlechtern als \u00bbWomen Defend Rojava\u00ab ist ein wichtiges Mittel, um patriarchale Angriffe abzuwehren, gemeinsam f\u00fcr eine Alternative zum kapitalistischen Patriarchat zu k\u00e4mpfen und lokale Selbstorganisierung mit einer globalen Perspektive zu verkn\u00fcpfen. Dabei k\u00f6nnen wir von den Erfahrungen und dem Wissen der kurdischen Frauenbewegung lernen. Denn Rojava zu verteidigen bedeutet nicht nur, Aktionen zu machen und \u00d6ffentlichkeit zu schaffen, sondern die Revolution f\u00e4ngt im Kleinen und bei uns selbst an. Es gilt Erfahrungen zu sammeln, wie wir uns als Frauen und weitere unterdr\u00fcckte Geschlechter autonom selbst organisieren k\u00f6nnen, und so unseren eigenen Willen zum Ausdruck bringen.<\/p><p>Unsere gemeinsame Kraft ergibt sich aus der Diversit\u00e4t und den verschiedenen Farben unseres Widerstandes. Die Gewalt, die unsere Freundinnen in Rojava und in Kurdistan durch die Angriffe des t\u00fcrkischen Staates und seiner dschihadistischen Milizen erfahren, wird nie vergeben und nie vergessen werden. \u00dcberall auf der Welt setzen wir mit unserem Widerstand ein Zeichen. Mit jedem Mord an einer von uns w\u00e4chst die Klarheit dar\u00fcber, dass ein Angriff auf eine, ein Angriff auf alle ist, wird die Entschlossenheit st\u00e4rker, uns gegenseitig zu verteidigen, werden die Stimmen des Widerstands lauter. Die Parole \u00bbJin, Jiyan, Azad\u00ee\u00ab ist mittlerweile in vielen Pl\u00e4tzen dieser Welt, an denen Frauen gegen Gewalt und Feminizide protestierten, zu h\u00f6ren!<\/p><p>Der weltweite Widerstand hat verdeutlicht, dass die Revolution in Rojava wie eine Blume ist, die l\u00e4ngst auf der ganzen Welt ihre Samen gestreut hat, und dass der Widerstand der Frauen in Rojava zu einem Vorbild f\u00fcr feministische K\u00e4mpfe weltweit geworden ist. Dieser Fr\u00fchling ist nicht aufzuhalten!<\/p>\t\t\t\t\t\t\t\t<\/div>\n\t\t\t\t<\/div>\n\t\t\t\t\t<\/div>\n\t\t<\/div>\n\t\t\t\t\t<\/div>\n\t\t<\/section>\n\t\t\t\t<\/div>\n\t\t","protected":false},"excerpt":{"rendered":"<p>Beteiligung an der Kampagne Women Defend Rojava Rojava zu verteidigen bedeutet, die Frauenrevolution zu verteidigen und zu verbreiten \u2013 weltweit! Als &#8218;Gemeinsam K\u00e4mpfen&#8216; sind wir Teil von &#8218;Women Defend Rojava&#8216;. \u00bbWomen Defend Rojava\u00ab ist eine Kampagne, die im August 2019 von Kongra Star, der Dachorganisation der kurdischen Frauenbewegung in Rojava, ins Leben gerufen wurde. Ihr [&hellip;]<\/p>\n","protected":false},"author":1,"featured_media":0,"parent":0,"menu_order":0,"comment_status":"closed","ping_status":"closed","template":"","meta":{"om_disable_all_campaigns":false,"_monsterinsights_skip_tracking":false,"_monsterinsights_sitenote_active":false,"_monsterinsights_sitenote_note":"","_monsterinsights_sitenote_category":0,"footnotes":""},"class_list":["post-289","page","type-page","status-publish","hentry"],"aioseo_notices":[],"_links":{"self":[{"href":"https:\/\/gemeinsam-kaempfen.de\/index.php?rest_route=\/wp\/v2\/pages\/289","targetHints":{"allow":["GET"]}}],"collection":[{"href":"https:\/\/gemeinsam-kaempfen.de\/index.php?rest_route=\/wp\/v2\/pages"}],"about":[{"href":"https:\/\/gemeinsam-kaempfen.de\/index.php?rest_route=\/wp\/v2\/types\/page"}],"author":[{"embeddable":true,"href":"https:\/\/gemeinsam-kaempfen.de\/index.php?rest_route=\/wp\/v2\/users\/1"}],"replies":[{"embeddable":true,"href":"https:\/\/gemeinsam-kaempfen.de\/index.php?rest_route=%2Fwp%2Fv2%2Fcomments&post=289"}],"version-history":[{"count":29,"href":"https:\/\/gemeinsam-kaempfen.de\/index.php?rest_route=\/wp\/v2\/pages\/289\/revisions"}],"predecessor-version":[{"id":625,"href":"https:\/\/gemeinsam-kaempfen.de\/index.php?rest_route=\/wp\/v2\/pages\/289\/revisions\/625"}],"wp:attachment":[{"href":"https:\/\/gemeinsam-kaempfen.de\/index.php?rest_route=%2Fwp%2Fv2%2Fmedia&parent=289"}],"curies":[{"name":"wp","href":"https:\/\/api.w.org\/{rel}","templated":true}]}}