{"id":291,"date":"2022-07-04T13:30:50","date_gmt":"2022-07-04T11:30:50","guid":{"rendered":"https:\/\/gemeinsam-kaempfen.de\/?page_id=291"},"modified":"2025-12-15T16:25:15","modified_gmt":"2025-12-15T15:25:15","slug":"veraendern-wollte-ich-eine-menge","status":"publish","type":"page","link":"https:\/\/gemeinsam-kaempfen.de\/?page_id=291","title":{"rendered":"&#8222;Ver\u00e4ndern wollte ich eine Menge&#8220;"},"content":{"rendered":"\n<h2 class=\"wp-block-heading\">Aus dem Leben der Internationalistin Ellen St\u00eark<\/h2>\n\n\n\n<pre class=\"wp-block-preformatted\">2016 verstarb die Internationalistin Ellen St\u00eark.\u00a0\nAuch wenn Ellen St\u00eark nicht mehr mit uns gemeinsame Wege beschreitet, so begegnen wir ihr jeden Tag in unseren Erinnerungen, unseren gemeinsam geschaffenen Projekten, unseren gemeinsamen Zielen und Tr\u00e4umen.\nIm Austausch mit der kurdischen Frauenbewegung hatte sie seit 2008 viele Diskussionen zu Internationalismus und zur Notwendigkeit einer neuen feministischen Organisierung in der BRD angesto\u00dfen. Sie war u.a. beteiligt an dem Buchprojekt \u201eWiderstand und gelebte Utopie\u201c und Wegbereiterin f\u00fcr die feministische Organisierung \u201eGemeinsam k\u00e4mpfen\u201c.\u00a0\nIm Austausch mit der kurdischen Frauenbewegung hatte sie seit 2008 viele Diskussionen zu Internationalismus und zur Notwendigkeit einer neuen feministischen Organisierung in der BRD angesto\u00dfen. Sie war u.a. beteiligt an dem Buchprojekt \u201eWiderstand und gelebte Utopie\u201c und Wegbereiterin f\u00fcr die feministische Organisierung \u201eGemeinsam k\u00e4mpfen\u201c.\u00a0\nUnter dem Titel \u201eVer\u00e4ndern wollte ich eine Menge - Aus dem Leben der Internationalistin Ellen St\u00eark\u201c haben wir Erinnerungen an Ellen St\u00eark zusammentragen und ein Buch \u00fcber ihr Leben und Wirken ver\u00f6ffentlicht, ein Buch um ihr zu gedenken und ihre Ideen, Perspektiven, Ziele und K\u00e4mpfe zu teilen.\u00a0\nMit dem Buch wollen wir als Herausgeber:innenkollektiv auch Lebensgeschichte von Frauen* schreiben. Weil wir es wichtig finden und als Teil feministischer K\u00e4mpfe begreifen, Frauenbiografien und ihre Perspektiven sichtbar zu machen. Ebenso wollen wir ein St\u00fcck Zeitgeschichte linker Bewegungen und K\u00e4mpfe erz\u00e4hlen.\nIm Buch finden sich Ausz\u00fcge aus Texten und Briefen von Ellen St\u00eark sowie Interviews und Beitr\u00e4ge von Menschen, die ihr begegnet sind. Auf diese Weise ist das Buch auch Ergebnis eines kollektiven Prozesses von Aktivist:innen und Weggef\u00e4hrt:innen, die darin zu Wort kommen.\n\nDas Buch erschien im Juni 2022. Weitere Informationen: https:\/\/www.edition-assemblage.de\/buecher\/veraendern-wollte-ich-eine-menge\/<\/pre>\n\n\n\n<figure class=\"wp-block-image size-large is-resized\"><img fetchpriority=\"high\" decoding=\"async\" src=\"https:\/\/gemeinsam-kaempfen.de\/wp-content\/uploads\/2022\/07\/photo_2022-07-26_09-08-22-699x1024.jpg\" alt=\"\" class=\"wp-image-591\" width=\"364\" height=\"533\" srcset=\"https:\/\/gemeinsam-kaempfen.de\/wp-content\/uploads\/2022\/07\/photo_2022-07-26_09-08-22-699x1024.jpg 699w, https:\/\/gemeinsam-kaempfen.de\/wp-content\/uploads\/2022\/07\/photo_2022-07-26_09-08-22-205x300.jpg 205w, https:\/\/gemeinsam-kaempfen.de\/wp-content\/uploads\/2022\/07\/photo_2022-07-26_09-08-22-768x1125.jpg 768w, https:\/\/gemeinsam-kaempfen.de\/wp-content\/uploads\/2022\/07\/photo_2022-07-26_09-08-22.jpg 874w\" sizes=\"(max-width: 364px) 100vw, 364px\" \/><\/figure>\n\n\n\n<pre id=\"block-c4ba830e-2788-4853-91fc-b2e4c691e43d\" class=\"wp-block-preformatted\">Ihr k\u00f6nnt das Buch auch \u00fcber die isku@nadir.org bestellen.\n\nWir freuen uns \u00fcber Anfragen f\u00fcr Lesungen!<\/pre>\n","protected":false},"excerpt":{"rendered":"<p>Aus dem Leben der Internationalistin Ellen St\u00eark 2016 verstarb die Internationalistin Ellen St\u00eark.\u00a0 Auch wenn Ellen St\u00eark nicht mehr mit uns gemeinsame Wege beschreitet, so begegnen wir ihr jeden Tag in unseren Erinnerungen, unseren gemeinsam geschaffenen Projekten, unseren gemeinsamen Zielen und Tr\u00e4umen. Im Austausch mit der kurdischen Frauenbewegung hatte sie seit 2008 viele Diskussionen zu [&hellip;]<\/p>\n","protected":false},"author":1,"featured_media":590,"parent":0,"menu_order":0,"comment_status":"closed","ping_status":"closed","template":"","meta":{"om_disable_all_campaigns":false,"_monsterinsights_skip_tracking":false,"_monsterinsights_sitenote_active":false,"_monsterinsights_sitenote_note":"","_monsterinsights_sitenote_category":0,"footnotes":""},"class_list":["post-291","page","type-page","status-publish","has-post-thumbnail","hentry"],"aioseo_notices":[],"_links":{"self":[{"href":"https:\/\/gemeinsam-kaempfen.de\/index.php?rest_route=\/wp\/v2\/pages\/291","targetHints":{"allow":["GET"]}}],"collection":[{"href":"https:\/\/gemeinsam-kaempfen.de\/index.php?rest_route=\/wp\/v2\/pages"}],"about":[{"href":"https:\/\/gemeinsam-kaempfen.de\/index.php?rest_route=\/wp\/v2\/types\/page"}],"author":[{"embeddable":true,"href":"https:\/\/gemeinsam-kaempfen.de\/index.php?rest_route=\/wp\/v2\/users\/1"}],"replies":[{"embeddable":true,"href":"https:\/\/gemeinsam-kaempfen.de\/index.php?rest_route=%2Fwp%2Fv2%2Fcomments&post=291"}],"version-history":[{"count":2,"href":"https:\/\/gemeinsam-kaempfen.de\/index.php?rest_route=\/wp\/v2\/pages\/291\/revisions"}],"predecessor-version":[{"id":592,"href":"https:\/\/gemeinsam-kaempfen.de\/index.php?rest_route=\/wp\/v2\/pages\/291\/revisions\/592"}],"wp:featuredmedia":[{"embeddable":true,"href":"https:\/\/gemeinsam-kaempfen.de\/index.php?rest_route=\/wp\/v2\/media\/590"}],"wp:attachment":[{"href":"https:\/\/gemeinsam-kaempfen.de\/index.php?rest_route=%2Fwp%2Fv2%2Fmedia&parent=291"}],"curies":[{"name":"wp","href":"https:\/\/api.w.org\/{rel}","templated":true}]}}