{"id":31,"date":"2021-04-05T12:08:56","date_gmt":"2021-04-05T10:08:56","guid":{"rendered":"https:\/\/gemeinsam-kaempfen.de\/?page_id=31"},"modified":"2022-08-24T16:43:55","modified_gmt":"2022-08-24T14:43:55","slug":"ueber-uns","status":"publish","type":"page","link":"https:\/\/gemeinsam-kaempfen.de\/?page_id=31","title":{"rendered":"\u00dcber uns"},"content":{"rendered":"\t\t<div data-elementor-type=\"wp-page\" data-elementor-id=\"31\" class=\"elementor elementor-31\">\n\t\t\t\t\t\t<section class=\"elementor-section elementor-top-section elementor-element elementor-element-4ec0b07 elementor-section-boxed elementor-section-height-default elementor-section-height-default\" data-id=\"4ec0b07\" data-element_type=\"section\">\n\t\t\t\t\t\t<div class=\"elementor-container elementor-column-gap-default\">\n\t\t\t\t\t<div class=\"elementor-column elementor-col-100 elementor-top-column elementor-element elementor-element-8a0d662\" data-id=\"8a0d662\" data-element_type=\"column\">\n\t\t\t<div class=\"elementor-widget-wrap elementor-element-populated\">\n\t\t\t\t\t\t<div class=\"elementor-element elementor-element-7a4ca61 elementor-widget elementor-widget-image\" data-id=\"7a4ca61\" data-element_type=\"widget\" data-widget_type=\"image.default\">\n\t\t\t\t<div class=\"elementor-widget-container\">\n\t\t\t\t\t\t\t\t\t\t\t\t\t\t\t<img fetchpriority=\"high\" decoding=\"async\" width=\"780\" height=\"218\" src=\"https:\/\/gemeinsam-kaempfen.de\/wp-content\/uploads\/2022\/08\/header1-1024x286.jpg\" class=\"attachment-large size-large wp-image-865\" alt=\"\" srcset=\"https:\/\/gemeinsam-kaempfen.de\/wp-content\/uploads\/2022\/08\/header1-1024x286.jpg 1024w, https:\/\/gemeinsam-kaempfen.de\/wp-content\/uploads\/2022\/08\/header1-300x84.jpg 300w, https:\/\/gemeinsam-kaempfen.de\/wp-content\/uploads\/2022\/08\/header1-768x214.jpg 768w, https:\/\/gemeinsam-kaempfen.de\/wp-content\/uploads\/2022\/08\/header1.jpg 1067w\" sizes=\"(max-width: 780px) 100vw, 780px\" \/>\t\t\t\t\t\t\t\t\t\t\t\t\t\t\t<\/div>\n\t\t\t\t<\/div>\n\t\t\t\t\t<\/div>\n\t\t<\/div>\n\t\t\t\t\t<\/div>\n\t\t<\/section>\n\t\t\t\t<section class=\"elementor-section elementor-top-section elementor-element elementor-element-201b6384 elementor-section-boxed elementor-section-height-default elementor-section-height-default\" data-id=\"201b6384\" data-element_type=\"section\">\n\t\t\t\t\t\t<div class=\"elementor-container elementor-column-gap-default\">\n\t\t\t\t\t<div class=\"elementor-column elementor-col-100 elementor-top-column elementor-element elementor-element-20e683a3\" data-id=\"20e683a3\" data-element_type=\"column\">\n\t\t\t<div class=\"elementor-widget-wrap elementor-element-populated\">\n\t\t\t\t\t\t<div class=\"elementor-element elementor-element-414fffa7 elementor-widget elementor-widget-text-editor\" data-id=\"414fffa7\" data-element_type=\"widget\" data-widget_type=\"text-editor.default\">\n\t\t\t\t<div class=\"elementor-widget-container\">\n\t\t\t\t\t\t\t\t\t<p><\/p>\n<p><\/p>\n<p><\/p>\n<p><\/p>\n<p><\/p>\n<p><\/p>\n<p><\/p>\n<p><\/p>\n<p><\/p>\n<p>\u201eGemeinsam K\u00e4mpfen\u201c ist am 25. November 2017 als \u201efeministische Kampagne f\u00fcr Selbstbestimmung und Demokratische Autonomie\u201c gestartet. Das Ziel der Kampagne war es, die Ideen der Revolution der selbstverwalteten Region Nord- und Ostsyriens in Deutschland bekannter zu machen. Unser Schwerpunkt liegt dabei auf einer internationalistischen Verbindung mit der Frauenbewegung. Diese treibt den Freiheitskampf in Kurdistan und weltweit kontinuierlich an. Das Frauendorf Jinwar war und ist f\u00fcr uns ein zentraler Bezugspunkt. Es ist ein Ort der feministischen gelebten Utopie, den wir bekannter machen m\u00f6chten.<\/p>\n<p><\/p>\n<p><\/p>\n<p>Seit dem Ausruf der Kampagne haben sich in einigen St\u00e4dten lokale Gruppen gebildet. In der Zeit, in der wir als Kampagne \u201eGemeinsam K\u00e4mpfen\u201c aktiv waren, haben wir uns de facto von einer Kampagne zu einer Organisierung entwickelt. Ende 2020 haben wir uns deshalb umbenannt, in: \u201eGemeinsam K\u00e4mpfen \u2013 feministische Organisierung f\u00fcr Demokratische Autonomie und Selbstbestimmung\u201c<\/p>\n<p><\/p>\n<p><\/p>\n<p>\u201eGemeinsam K\u00e4mpfen\u201c begreifen wir nicht als reine Solidarit\u00e4tsaktion f\u00fcr Rojava. Wir wollen auch hier eine breite Organisierung von Frauen, Lesben, Trans* und Inter* aufbauen, in Verbindung mit feministischen K\u00e4mpfen weltweit. Basisdemokratie, Autonomie und Selbstbestimmung sind f\u00fcr uns keine Utopien, sondern konkrete emanzipatorische Konzepte und Ziele, die wir in unseren Gesellschaften erreichen wollen. Demokratische Autonomie, f\u00fcr die wir einstehen, bedeutet f\u00fcr uns, dass Menschen basisdemokratisch diskutieren und entscheiden, sowie frei und \u00f6kologisch zusammenleben. Dabei sehen wir es als grundlegend, sich als Teil von einem globalen Kampf gegen das kapitalistische Patriarchat zu begreifen und die eigene Rolle darin zu erkennen.<\/p>\n<p><\/p>\n<p><\/p>\n<p>Nat\u00fcrlich sind es nicht nur wir, die mit den gesellschaftlichen Umbr\u00fcchen in Nord- und Ostsyrien Hoffnung f\u00fcr eine antipatriarchale, emanzipatorische Ver\u00e4nderung gesch\u00f6pft haben. Beispielsweise gr\u00fcndeten sich mit dem Angriffskrieg auf Nord- und Ostsyrien seit Oktober 2019 zahlreiche Women Defend Rojava Komitees mit denen wir in gro\u00dfer Verbundenheit zusammenstehen.<\/p>\n<p><\/p>\n<p><\/p>\n<p>F\u00fcr den Feminismus, f\u00fcr das Leben!<br \/>JinJiyanAzadi \u2013 FrauenLebenFreiheit*<\/p>\n<p><\/p>\t\t\t\t\t\t\t\t<\/div>\n\t\t\t\t<\/div>\n\t\t\t\t\t<\/div>\n\t\t<\/div>\n\t\t\t\t\t<\/div>\n\t\t<\/section>\n\t\t\t\t<\/div>\n\t\t","protected":false},"excerpt":{"rendered":"<p>\u201eGemeinsam K\u00e4mpfen\u201c ist am 25. November 2017 als \u201efeministische Kampagne f\u00fcr Selbstbestimmung und Demokratische Autonomie\u201c gestartet. Das Ziel der Kampagne war es, die Ideen der Revolution der selbstverwalteten Region Nord- und Ostsyriens in Deutschland bekannter zu machen. Unser Schwerpunkt liegt dabei auf einer internationalistischen Verbindung mit der Frauenbewegung. Diese treibt den Freiheitskampf in Kurdistan und [&hellip;]<\/p>\n","protected":false},"author":1,"featured_media":0,"parent":0,"menu_order":0,"comment_status":"closed","ping_status":"closed","template":"","meta":{"om_disable_all_campaigns":false,"_monsterinsights_skip_tracking":false,"_monsterinsights_sitenote_active":false,"_monsterinsights_sitenote_note":"","_monsterinsights_sitenote_category":0,"footnotes":""},"class_list":["post-31","page","type-page","status-publish","hentry"],"aioseo_notices":[],"_links":{"self":[{"href":"https:\/\/gemeinsam-kaempfen.de\/index.php?rest_route=\/wp\/v2\/pages\/31","targetHints":{"allow":["GET"]}}],"collection":[{"href":"https:\/\/gemeinsam-kaempfen.de\/index.php?rest_route=\/wp\/v2\/pages"}],"about":[{"href":"https:\/\/gemeinsam-kaempfen.de\/index.php?rest_route=\/wp\/v2\/types\/page"}],"author":[{"embeddable":true,"href":"https:\/\/gemeinsam-kaempfen.de\/index.php?rest_route=\/wp\/v2\/users\/1"}],"replies":[{"embeddable":true,"href":"https:\/\/gemeinsam-kaempfen.de\/index.php?rest_route=%2Fwp%2Fv2%2Fcomments&post=31"}],"version-history":[{"count":27,"href":"https:\/\/gemeinsam-kaempfen.de\/index.php?rest_route=\/wp\/v2\/pages\/31\/revisions"}],"predecessor-version":[{"id":868,"href":"https:\/\/gemeinsam-kaempfen.de\/index.php?rest_route=\/wp\/v2\/pages\/31\/revisions\/868"}],"wp:attachment":[{"href":"https:\/\/gemeinsam-kaempfen.de\/index.php?rest_route=%2Fwp%2Fv2%2Fmedia&parent=31"}],"curies":[{"name":"wp","href":"https:\/\/api.w.org\/{rel}","templated":true}]}}