{"id":38,"date":"2021-04-05T12:21:15","date_gmt":"2021-04-05T10:21:15","guid":{"rendered":"https:\/\/gemeinsam-kaempfen.de\/?page_id=38"},"modified":"2025-12-15T16:25:18","modified_gmt":"2025-12-15T15:25:18","slug":"kontakt","status":"publish","type":"page","link":"https:\/\/gemeinsam-kaempfen.de\/?page_id=38","title":{"rendered":"Kontakt"},"content":{"rendered":"\n<p><strong>EMAIL<\/strong><\/p>\n\n\n\n<p><strong>Gemeinsam K\u00e4mpfen gesamt: <\/strong><\/p>\n\n\n\n<p><a href=\"mailto:gemeinsamkaempfen@riseup.net\">gemeinsamkaempfen@riseup.net<\/a><\/p>\n\n\n\n<hr class=\"wp-block-separator has-alpha-channel-opacity\"\/>\n\n\n\n<p><strong>Berlin <\/strong><\/p>\n\n\n\n<p>gk_berlin@riseup.net<\/p>\n\n\n\n<p><strong>Celle <\/strong><\/p>\n\n\n\n<p>gkcelle@riseup.net<\/p>\n\n\n\n<p><strong>G\u00f6ttingen <\/strong><\/p>\n\n\n\n<p>lokaleautonom@riseup.net<\/p>\n\n\n\n<p><strong>Hamburg <\/strong><\/p>\n\n\n\n<p>gemeinsamkaempfenhh@riseup.net<\/p>\n\n\n\n<p><strong>Hannover<\/strong><\/p>\n\n\n\n<p>gemeinsamkaempfen_hannover@riseup.net<\/p>\n\n\n\n<p><strong>Jena<\/strong><\/p>\n\n\n\n<p>gemeinsamkaempfen_jena@riseup.net<\/p>\n\n\n\n<p><strong>Kassel<\/strong><\/p>\n\n\n\n<p>gk_kassel@riseup.net<\/p>\n\n\n\n<p><strong>T\u00fcbingen<\/strong><\/p>\n\n\n\n<p>gemeinsamkaempfen_tuebingen@riseup.net<\/p>\n\n\n\n<p>@gemeinsamkaempfen_tue (Instagram)<\/p>\n\n\n\n<p><strong>K\u00f6ln<\/strong><\/p>\n\n\n\n<p>GK_koeln@systemli.org<\/p>\n\n\n\n<p><strong>Bremen<\/strong><\/p>\n\n\n\n<p>@gemeinsamkaempfen.hb (Instagram)<br><\/p>\n\n\n\n<hr class=\"wp-block-separator has-alpha-channel-opacity\"\/>\n\n\n\n<p><strong>Geschichtsinitiative Matilda J. Gage<\/strong><\/p>\n\n\n\n<p><a href=\"mailto:matilda-j-gage@riseup.net\">matilda-j-gage@riseup.net<\/a><\/p>\n\n\n\n<p><\/p>\n\n\n\n<p><strong>Jineoloj\u00ee Komitee<\/strong> <strong>Deutschland<\/strong><\/p>\n\n\n\n<p>jineolojide@riseup.net<\/p>\n\n\n\n<p><\/p>\n\n\n\n<hr class=\"wp-block-separator has-alpha-channel-opacity\"\/>\n\n\n\n<p><strong>TWITTER <\/strong><\/p>\n\n\n\n<p><a href=\"https:\/\/twitter.com\/fem_gk\"> @fem_gk<\/a>, #gemeinsamk\u00e4mpfen<\/p>\n\n\n\n<p><\/p>\n\n\n\n<p><strong>INSTAGRAM<\/strong><\/p>\n\n\n\n<p><a href=\"https:\/\/www.instagram.com\/gemeinsam_kaempfen\/\">@gemeinsam_kaempfen<\/a><\/p>\n\n\n\n<p><\/p>\n\n\n\n<p><strong>FACEBOOK<\/strong><\/p>\n\n\n\n<p>Gemeinsam K\u00e4mpfen<\/p>\n","protected":false},"excerpt":{"rendered":"<p>EMAIL Gemeinsam K\u00e4mpfen gesamt: gemeinsamkaempfen@riseup.net Berlin gk_berlin@riseup.net Celle gkcelle@riseup.net G\u00f6ttingen lokaleautonom@riseup.net Hamburg gemeinsamkaempfenhh@riseup.net Hannover gemeinsamkaempfen_hannover@riseup.net Jena gemeinsamkaempfen_jena@riseup.net Kassel gk_kassel@riseup.net T\u00fcbingen gemeinsamkaempfen_tuebingen@riseup.net @gemeinsamkaempfen_tue (Instagram) K\u00f6ln GK_koeln@systemli.org Bremen @gemeinsamkaempfen.hb (Instagram) Geschichtsinitiative Matilda J. Gage matilda-j-gage@riseup.net Jineoloj\u00ee Komitee Deutschland jineolojide@riseup.net TWITTER @fem_gk, #gemeinsamk\u00e4mpfen INSTAGRAM @gemeinsam_kaempfen FACEBOOK Gemeinsam K\u00e4mpfen<\/p>\n","protected":false},"author":1,"featured_media":0,"parent":0,"menu_order":0,"comment_status":"closed","ping_status":"closed","template":"","meta":{"om_disable_all_campaigns":false,"_monsterinsights_skip_tracking":false,"_monsterinsights_sitenote_active":false,"_monsterinsights_sitenote_note":"","_monsterinsights_sitenote_category":0,"footnotes":""},"class_list":["post-38","page","type-page","status-publish","hentry"],"aioseo_notices":[],"_links":{"self":[{"href":"https:\/\/gemeinsam-kaempfen.de\/index.php?rest_route=\/wp\/v2\/pages\/38","targetHints":{"allow":["GET"]}}],"collection":[{"href":"https:\/\/gemeinsam-kaempfen.de\/index.php?rest_route=\/wp\/v2\/pages"}],"about":[{"href":"https:\/\/gemeinsam-kaempfen.de\/index.php?rest_route=\/wp\/v2\/types\/page"}],"author":[{"embeddable":true,"href":"https:\/\/gemeinsam-kaempfen.de\/index.php?rest_route=\/wp\/v2\/users\/1"}],"replies":[{"embeddable":true,"href":"https:\/\/gemeinsam-kaempfen.de\/index.php?rest_route=%2Fwp%2Fv2%2Fcomments&post=38"}],"version-history":[{"count":16,"href":"https:\/\/gemeinsam-kaempfen.de\/index.php?rest_route=\/wp\/v2\/pages\/38\/revisions"}],"predecessor-version":[{"id":1145,"href":"https:\/\/gemeinsam-kaempfen.de\/index.php?rest_route=\/wp\/v2\/pages\/38\/revisions\/1145"}],"wp:attachment":[{"href":"https:\/\/gemeinsam-kaempfen.de\/index.php?rest_route=%2Fwp%2Fv2%2Fmedia&parent=38"}],"curies":[{"name":"wp","href":"https:\/\/api.w.org\/{rel}","templated":true}]}}