{"id":881,"date":"2022-09-02T19:46:01","date_gmt":"2022-09-02T17:46:01","guid":{"rendered":"https:\/\/gemeinsam-kaempfen.de\/?page_id=881"},"modified":"2025-12-15T16:25:18","modified_gmt":"2025-12-15T15:25:18","slug":"friedensdelegation-suedkurdistan","status":"publish","type":"page","link":"https:\/\/gemeinsam-kaempfen.de\/?page_id=881","title":{"rendered":"Friedensdelegation S\u00fcdkurdistan"},"content":{"rendered":"\n<p>Aufgrund des Krieges, den die T\u00fcrkei in S\u00fcdkurdistan f\u00fchrt, gab es im Juni 2021 eine internationale Friedensdelegation, um sich ein Bild \u00fcber die Lage vor Ort zu machen, Gespr\u00e4che mit dortigen Organisationen, Parteien und der Zivilgesellschaft zu f\u00fchren, dar\u00fcber zu berichten und somit einen Beitrag zum Frieden zu leisten.. An dieser Delegation haben wir uns als \u201eGemeinsam K\u00e4mpfen\u201c und als \u201eWomen Defend Rojava\u201cbeteiligt.<\/p>\n\n\n\n<p>Mehrere Delegationsteilnehmer*innen wurden an der Ausreise aus Deutschland gehindert. Wir verstehen es als klares Zeichen des Deutschen Staates an die T\u00fcrkei, ihre v\u00f6lkerrechtswidrige Besatzungsoperation in Kurdistan fortzuf\u00fchren.<\/p>\n\n\n\n<p><\/p>\n\n\n\n<p><strong>Artikel\/Radiobeitr\u00e4ge \u00fcber die Delegation und zur Situation in S\u00fcdkurdistan:<\/strong><\/p>\n\n\n\n<p><a href=\"https:\/\/zeitschrift-luxemburg.de\/artikel\/eskalation-in-suedkurdistan\/\">https:\/\/zeitschrift-luxemburg.de\/artikel\/eskalation-in-suedkurdistan\/<\/a><\/p>\n\n\n\n<p><a href=\"https:\/\/anfdeutsch.com\/kurdistan\/friedensdelegation-in-silemani-32578\">https:\/\/anfdeutsch.com\/kurdistan\/friedensdelegation-in-silemani-32578<\/a><\/p>\n\n\n\n<p><a href=\"https:\/\/www.wueste-welle.de\/redaktion\/view\/id\/25\/tab\/weblog\/article\/82200\/.html\">https:\/\/www.wueste-welle.de\/redaktion\/view\/id\/25\/tab\/weblog\/article\/82200\/.html<\/a><\/p>\n\n\n\n<p><a href=\"https:\/\/anfdeutsch.com\/aktuelles\/stellungnahme-der-friedensdelegation-nach-sudkurdistan-26708\">https:\/\/anfdeutsch.com\/aktuelles\/stellungnahme-der-friedensdelegation-nach-sudkurdistan-26708<\/a><\/p>\n\n\n\n<figure class=\"wp-block-embed is-type-wp-embed is-provider-radio-corax wp-block-embed-radio-corax\"><div class=\"wp-block-embed__wrapper\">\n<blockquote class=\"wp-embedded-content\" data-secret=\"vMXNmOVa0A\"><a href=\"https:\/\/radiocorax.de\/rueckblick-auf-die-reise-der-friedensdelegation-nach-kurdistan\/\">R\u00fcckblick auf die Reise der &#8222;Friedensdelegation&#8220; nach Kurdistan<\/a><\/blockquote><iframe class=\"wp-embedded-content\" sandbox=\"allow-scripts\" security=\"restricted\" style=\"position: absolute; visibility: hidden;\" title=\"&#8222;R\u00fcckblick auf die Reise der &#8222;Friedensdelegation&#8220; nach Kurdistan&#8220; &#8211; Radio CORAX\" src=\"https:\/\/radiocorax.de\/rueckblick-auf-die-reise-der-friedensdelegation-nach-kurdistan\/embed\/#?secret=mZNe31waQa#?secret=vMXNmOVa0A\" data-secret=\"vMXNmOVa0A\" width=\"600\" height=\"338\" frameborder=\"0\" marginwidth=\"0\" marginheight=\"0\" scrolling=\"no\"><\/iframe>\n<\/div><\/figure>\n\n\n\n<p><\/p>\n\n\n\n<p><\/p>\n\n\n\n<p><strong>\u00dcber das Ausreiseverbot und Repressionen bei der Ankunft in Deutschland und zur Situation in S\u00fcdkurdistan:<\/strong><\/p>\n\n\n\n<p><a href=\"https:\/\/www.nd-aktuell.de\/artikel\/1154237.internationale-delegation-im-irak-friedensaktivitaeten-werden-kriminalisiert.html\">https:\/\/www.nd-aktuell.de\/artikel\/1154237.internationale-delegation-im-irak-friedensaktivitaeten-werden-kriminalisiert.html<\/a><\/p>\n\n\n\n<figure class=\"wp-block-embed is-type-wp-embed is-provider-labournet-germany wp-block-embed-labournet-germany\"><div class=\"wp-block-embed__wrapper\">\n<blockquote class=\"wp-embedded-content\" data-secret=\"0MXnZQCOtm\"><a href=\"https:\/\/www.labournet.de\/internationales\/tuerkei\/politik-tuerkei\/schon-wieder-handlanger-fuer-erdogan-friedensdelegation-durch-die-bundespolizei-an-der-ausreise-aus-deutschland-nach-kurdistan-gehindert\/\">Schon wieder Handlanger f\u00fcr Erdogan: Friedensdelegation durch die Bundespolizei an der Ausreise aus Deutschland nach Kurdistan gehindert<\/a><\/blockquote><iframe class=\"wp-embedded-content\" sandbox=\"allow-scripts\" security=\"restricted\" style=\"position: absolute; visibility: hidden;\" title=\"&#8222;Schon wieder Handlanger f\u00fcr Erdogan: Friedensdelegation durch die Bundespolizei an der Ausreise aus Deutschland nach Kurdistan gehindert&#8220; &#8211; LabourNet Germany\" src=\"https:\/\/www.labournet.de\/internationales\/tuerkei\/politik-tuerkei\/schon-wieder-handlanger-fuer-erdogan-friedensdelegation-durch-die-bundespolizei-an-der-ausreise-aus-deutschland-nach-kurdistan-gehindert\/embed\/#?secret=qK40Peml9n#?secret=0MXnZQCOtm\" data-secret=\"0MXnZQCOtm\" width=\"600\" height=\"338\" frameborder=\"0\" marginwidth=\"0\" marginheight=\"0\" scrolling=\"no\"><\/iframe>\n<\/div><\/figure>\n\n\n\n<figure class=\"wp-block-embed is-type-wp-embed is-provider-perspektive wp-block-embed-perspektive\"><div class=\"wp-block-embed__wrapper\">\nhttps:\/\/perspektive-online.net\/2021\/06\/friedensdelegation-fuer-kurdistan-kehrt-nach-deutschland-zurueck-und-wird-am-flughafen-drangsaliert\/\n<\/div><\/figure>\n\n\n\n<p><\/p>\n\n\n\n<p><strong>\u00dcber die Klage wegen des Ausreiseverbots (2022):<\/strong><\/p>\n\n\n\n<p><a href=\"https:\/\/www.heise.de\/tp\/features\/Wenn-eine-Friedensdelegation-die-Belange-Deutschlands-verletzt-7130575.html\">https:\/\/www.heise.de\/tp\/features\/Wenn-eine-Friedensdelegation-die-Belange-Deutschlands-verletzt-7130575.html<\/a><\/p>\n\n\n\n<p><a href=\"https:\/\/taz.de\/Linken-Abgeordnete-ueber-ihre-Festsetzung\/!5774917\/\">https:\/\/taz.de\/Linken-Abgeordnete-ueber-ihre-Festsetzung\/!5774917\/<\/a><\/p>\n","protected":false},"excerpt":{"rendered":"<p>Aufgrund des Krieges, den die T\u00fcrkei in S\u00fcdkurdistan f\u00fchrt, gab es im Juni 2021 eine internationale Friedensdelegation, um sich ein Bild \u00fcber die Lage vor Ort zu machen, Gespr\u00e4che mit dortigen Organisationen, Parteien und der Zivilgesellschaft zu f\u00fchren, dar\u00fcber zu berichten und somit einen Beitrag zum Frieden zu leisten.. An dieser Delegation haben wir uns [&hellip;]<\/p>\n","protected":false},"author":1,"featured_media":0,"parent":0,"menu_order":0,"comment_status":"closed","ping_status":"closed","template":"","meta":{"om_disable_all_campaigns":false,"_monsterinsights_skip_tracking":false,"_monsterinsights_sitenote_active":false,"_monsterinsights_sitenote_note":"","_monsterinsights_sitenote_category":0,"footnotes":""},"class_list":["post-881","page","type-page","status-publish","hentry"],"aioseo_notices":[],"_links":{"self":[{"href":"https:\/\/gemeinsam-kaempfen.de\/index.php?rest_route=\/wp\/v2\/pages\/881","targetHints":{"allow":["GET"]}}],"collection":[{"href":"https:\/\/gemeinsam-kaempfen.de\/index.php?rest_route=\/wp\/v2\/pages"}],"about":[{"href":"https:\/\/gemeinsam-kaempfen.de\/index.php?rest_route=\/wp\/v2\/types\/page"}],"author":[{"embeddable":true,"href":"https:\/\/gemeinsam-kaempfen.de\/index.php?rest_route=\/wp\/v2\/users\/1"}],"replies":[{"embeddable":true,"href":"https:\/\/gemeinsam-kaempfen.de\/index.php?rest_route=%2Fwp%2Fv2%2Fcomments&post=881"}],"version-history":[{"count":3,"href":"https:\/\/gemeinsam-kaempfen.de\/index.php?rest_route=\/wp\/v2\/pages\/881\/revisions"}],"predecessor-version":[{"id":1150,"href":"https:\/\/gemeinsam-kaempfen.de\/index.php?rest_route=\/wp\/v2\/pages\/881\/revisions\/1150"}],"wp:attachment":[{"href":"https:\/\/gemeinsam-kaempfen.de\/index.php?rest_route=%2Fwp%2Fv2%2Fmedia&parent=881"}],"curies":[{"name":"wp","href":"https:\/\/api.w.org\/{rel}","templated":true}]}}